{"id":825,"date":"2020-03-03T17:27:11","date_gmt":"2021-04-13T13:01:06","guid":{"rendered":"https:\/\/equestriannextdoor.com\/?post_type=product&#038;p=825"},"modified":"2021-04-13T09:01:06","modified_gmt":"2021-04-13T13:01:06","slug":"ecolicious-de-stress-fr","status":"publish","type":"product","link":"https:\/\/www.equestriannextdoor.com\/fr\/produit\/ecolicious-de-stress-fr\/","title":{"rendered":"D\u00e9m\u00ealant De-Stress"},"content":{"rendered":"<ul>\n<li>Ingr\u00e9dients 100% naturels<\/li>\n<li>Sans cruaut\u00e9<\/li>\n<li>Sauvages<\/li>\n<li>Sans OGM<\/li>\n<li>Biod\u00e9gradable<\/li>\n<li>Fabriqu\u00e9 au Canada<\/li>\n<\/ul>\n<h3><b>Instructions<\/b><\/h3>\n<ol>\n<li>Bien secouer. Une s\u00e9paration naturelle des huiles peut se produire.<\/li>\n<li>\u00c9talez une petite quantit\u00e9 dans vos mains et massez la crini\u00e8re et la queue.<\/li>\n<li>Frottez la base de la crini\u00e8re et de la queue pour hydrater la peau et laissez agir.<\/li>\n<\/ol>\n<p>Emball\u00e9 dans du plastique 100% recycl\u00e9.<\/p>\n<h3>Ingr\u00e9dients :<\/h3>\n<p>Cannabis Sativa (huile de chanvre biologique), Helianthus Annuus (huile de tournesol), Cocos Nucifera (huile de coco), Olea Europaea (huile d&rsquo;olive), Glycine Soja (huile de soja), Prunus Armeniaca (Abricot) Kernel Oil, Rosmarinus Officinalis (Rosemary) Leaf Extract, Citrus Aurantium Dulcis (Orange) Peel Oil, Melaleuca Alternifolia (Tea Tree) Oil.<\/p>\n","protected":false},"excerpt":{"rendered":"<p>Le d\u00e9m\u00ealant De-Stress d&rsquo;EcoLicious fera dispara\u00eetre rapidement et facilement les n\u0153uds et les enchev\u00eatrements de la crini\u00e8re de votre cheval, la laissant belle, brillante et sentant bon.<\/p>\n","protected":false},"featured_media":1176,"template":"","meta":[],"product_brand":[],"product_cat":[822,118,119],"product_tag":[873],"class_list":{"0":"post-825","1":"product","2":"type-product","3":"status-publish","4":"has-post-thumbnail","6":"product_cat-demelants","7":"product_cat-pansage","8":"product_cat-produits","9":"product_tag-ecolicious-fr-2","11":"first","12":"instock","13":"taxable","14":"shipping-taxable","15":"purchasable","16":"product-type-simple"},"jetpack_sharing_enabled":true,"_links":{"self":[{"href":"https:\/\/www.equestriannextdoor.com\/fr\/wp-json\/wp\/v2\/product\/825","targetHints":{"allow":["GET"]}}],"collection":[{"href":"https:\/\/www.equestriannextdoor.com\/fr\/wp-json\/wp\/v2\/product"}],"about":[{"href":"https:\/\/www.equestriannextdoor.com\/fr\/wp-json\/wp\/v2\/types\/product"}],"wp:featuredmedia":[{"embeddable":true,"href":"https:\/\/www.equestriannextdoor.com\/fr\/wp-json\/wp\/v2\/media\/1176"}],"wp:attachment":[{"href":"https:\/\/www.equestriannextdoor.com\/fr\/wp-json\/wp\/v2\/media?parent=825"}],"wp:term":[{"taxonomy":"product_brand","embeddable":true,"href":"https:\/\/www.equestriannextdoor.com\/fr\/wp-json\/wp\/v2\/product_brand?post=825"},{"taxonomy":"product_cat","embeddable":true,"href":"https:\/\/www.equestriannextdoor.com\/fr\/wp-json\/wp\/v2\/product_cat?post=825"},{"taxonomy":"product_tag","embeddable":true,"href":"https:\/\/www.equestriannextdoor.com\/fr\/wp-json\/wp\/v2\/product_tag?post=825"}],"curies":[{"name":"wp","href":"https:\/\/api.w.org\/{rel}","templated":true}]}}