{"id":7249,"date":"2021-06-17T13:34:02","date_gmt":"2021-07-08T23:47:54","guid":{"rendered":"https:\/\/www.equestriannextdoor.com\/product\/sac-standard\/"},"modified":"2021-07-08T19:48:08","modified_gmt":"2021-07-08T23:48:08","slug":"sac-standard","status":"publish","type":"product","link":"https:\/\/www.equestriannextdoor.com\/fr\/produit\/sac-standard\/","title":{"rendered":"Sac de selle standard"},"content":{"rendered":"<h3>Dimensions du sac de selle standard<\/h3>\n<p>Taille : Largeur 11 po X Hauteur 10 po X Profondeur 4 po<\/p>\n","protected":false},"excerpt":{"rendered":"<p>Partez sur les sentiers avec cette sacoche standard fix\u00e9e \u00e0 votre selle. Ses grandes poches rembourr\u00e9es permettent de garder les choses organis\u00e9es, et sa poche isol\u00e9e amovible est assez grande pour transporter tout votre mat\u00e9riel. Et ne perdez plus vos choses, gr\u00e2ce aux doubles fermetures !<\/p>\n","protected":false},"featured_media":7211,"template":"","meta":[],"product_brand":[],"product_cat":[133],"product_tag":[1017],"class_list":{"0":"post-7249","1":"product","2":"type-product","3":"status-publish","4":"has-post-thumbnail","6":"product_cat-sacoches-de-selle","7":"product_tag-cashel-fr","9":"first","10":"instock","11":"taxable","12":"shipping-taxable","13":"purchasable","14":"product-type-simple"},"jetpack_sharing_enabled":true,"_links":{"self":[{"href":"https:\/\/www.equestriannextdoor.com\/fr\/wp-json\/wp\/v2\/product\/7249","targetHints":{"allow":["GET"]}}],"collection":[{"href":"https:\/\/www.equestriannextdoor.com\/fr\/wp-json\/wp\/v2\/product"}],"about":[{"href":"https:\/\/www.equestriannextdoor.com\/fr\/wp-json\/wp\/v2\/types\/product"}],"wp:featuredmedia":[{"embeddable":true,"href":"https:\/\/www.equestriannextdoor.com\/fr\/wp-json\/wp\/v2\/media\/7211"}],"wp:attachment":[{"href":"https:\/\/www.equestriannextdoor.com\/fr\/wp-json\/wp\/v2\/media?parent=7249"}],"wp:term":[{"taxonomy":"product_brand","embeddable":true,"href":"https:\/\/www.equestriannextdoor.com\/fr\/wp-json\/wp\/v2\/product_brand?post=7249"},{"taxonomy":"product_cat","embeddable":true,"href":"https:\/\/www.equestriannextdoor.com\/fr\/wp-json\/wp\/v2\/product_cat?post=7249"},{"taxonomy":"product_tag","embeddable":true,"href":"https:\/\/www.equestriannextdoor.com\/fr\/wp-json\/wp\/v2\/product_tag?post=7249"}],"curies":[{"name":"wp","href":"https:\/\/api.w.org\/{rel}","templated":true}]}}