{"id":6760,"date":"2021-04-08T21:51:18","date_gmt":"2021-04-13T00:46:42","guid":{"rendered":"https:\/\/www.equestriannextdoor.com\/product\/masque-antimouche-nez-oreils-crusader\/"},"modified":"2023-07-05T13:27:36","modified_gmt":"2023-07-05T17:27:36","slug":"masque-antimouche-nez-oreilles-crusader","status":"publish","type":"product","link":"https:\/\/www.equestriannextdoor.com\/fr\/produit\/masque-antimouche-nez-oreilles-crusader\/","title":{"rendered":"Masque antimouche avec nez et oreilles de Crusader"},"content":{"rendered":"","protected":false},"excerpt":{"rendered":"<p>Le masque antimouche avec nez et oreilles de Crusader prot\u00e8ge le nez et les oreilles de votre cheval des insectes et du soleil cet \u00e9t\u00e9 et pr\u00e9vient les irritations dues \u00e0 l&rsquo;exposition au soleil et aux piq\u00fbres d&rsquo;insectes.<\/p>\n","protected":false},"featured_media":6638,"template":"","meta":[],"product_brand":[],"product_cat":[190],"product_tag":[1017],"class_list":{"0":"post-6760","1":"product","2":"type-product","3":"status-publish","4":"has-post-thumbnail","6":"product_cat-protection-contre-les-mouches","7":"product_tag-cashel-fr","9":"first","10":"outofstock","11":"taxable","12":"shipping-taxable","13":"purchasable","14":"product-type-variable"},"jetpack_sharing_enabled":true,"_links":{"self":[{"href":"https:\/\/www.equestriannextdoor.com\/fr\/wp-json\/wp\/v2\/product\/6760","targetHints":{"allow":["GET"]}}],"collection":[{"href":"https:\/\/www.equestriannextdoor.com\/fr\/wp-json\/wp\/v2\/product"}],"about":[{"href":"https:\/\/www.equestriannextdoor.com\/fr\/wp-json\/wp\/v2\/types\/product"}],"wp:featuredmedia":[{"embeddable":true,"href":"https:\/\/www.equestriannextdoor.com\/fr\/wp-json\/wp\/v2\/media\/6638"}],"wp:attachment":[{"href":"https:\/\/www.equestriannextdoor.com\/fr\/wp-json\/wp\/v2\/media?parent=6760"}],"wp:term":[{"taxonomy":"product_brand","embeddable":true,"href":"https:\/\/www.equestriannextdoor.com\/fr\/wp-json\/wp\/v2\/product_brand?post=6760"},{"taxonomy":"product_cat","embeddable":true,"href":"https:\/\/www.equestriannextdoor.com\/fr\/wp-json\/wp\/v2\/product_cat?post=6760"},{"taxonomy":"product_tag","embeddable":true,"href":"https:\/\/www.equestriannextdoor.com\/fr\/wp-json\/wp\/v2\/product_tag?post=6760"}],"curies":[{"name":"wp","href":"https:\/\/api.w.org\/{rel}","templated":true}]}}