{"id":4700,"date":"2020-12-12T16:37:33","date_gmt":"2020-12-12T21:37:34","guid":{"rendered":"https:\/\/equestriannextdoor.com\/?post_type=product&#038;p=4700"},"modified":"2020-12-12T16:42:36","modified_gmt":"2020-12-12T21:42:36","slug":"camo-cheval-chaussettes","status":"publish","type":"product","link":"https:\/\/www.equestriannextdoor.com\/fr\/produit\/camo-cheval-chaussettes\/","title":{"rendered":"Chaussettes de cheval camo"},"content":{"rendered":"<p><strong>Entretien<\/strong><\/p>\n<p>Laver \u00e0 l&rsquo;eau froide et suspendre pour s\u00e9cher.<\/p>\n<p>Fabriqu\u00e9 par <a href=\"https:\/\/dreamersnschemers.com\/\" target=\"_blank\" rel=\"noopener noreferrer\">Dreamers &amp; Schemers<\/a><\/p>\n","protected":false},"excerpt":{"rendered":"<p>Montrez votre style avec ces chaussettes de bottes de cheval camo g\u00e9nial de Dreamers &amp; Schemers. L\u2019orteil \u00e0 couture plate et le coton respirable garderont vos pieds confortables durant vos randonn\u00e9es.<\/p>\n<p><strong>Une paire &amp; Une de rechange &#8211; Obtenez une paire de chaussettes et un extra diff\u00e9rent \u00e0 m\u00e9langer et \u00e0 assortir!<\/strong><\/p>\n<p>Ces chaussettes de bottes sont taille unique qui convient \u00e0 la plupart.<\/p>\n","protected":false},"featured_media":4708,"template":"","meta":[],"product_brand":[],"product_cat":[130],"product_tag":[892],"class_list":{"0":"post-4700","1":"product","2":"type-product","3":"status-publish","4":"has-post-thumbnail","6":"product_cat-pour-les-cavalieres","7":"product_tag-dreamersschemers-fr","9":"first","10":"instock","11":"taxable","12":"shipping-taxable","13":"purchasable","14":"product-type-simple"},"jetpack_sharing_enabled":true,"_links":{"self":[{"href":"https:\/\/www.equestriannextdoor.com\/fr\/wp-json\/wp\/v2\/product\/4700","targetHints":{"allow":["GET"]}}],"collection":[{"href":"https:\/\/www.equestriannextdoor.com\/fr\/wp-json\/wp\/v2\/product"}],"about":[{"href":"https:\/\/www.equestriannextdoor.com\/fr\/wp-json\/wp\/v2\/types\/product"}],"wp:featuredmedia":[{"embeddable":true,"href":"https:\/\/www.equestriannextdoor.com\/fr\/wp-json\/wp\/v2\/media\/4708"}],"wp:attachment":[{"href":"https:\/\/www.equestriannextdoor.com\/fr\/wp-json\/wp\/v2\/media?parent=4700"}],"wp:term":[{"taxonomy":"product_brand","embeddable":true,"href":"https:\/\/www.equestriannextdoor.com\/fr\/wp-json\/wp\/v2\/product_brand?post=4700"},{"taxonomy":"product_cat","embeddable":true,"href":"https:\/\/www.equestriannextdoor.com\/fr\/wp-json\/wp\/v2\/product_cat?post=4700"},{"taxonomy":"product_tag","embeddable":true,"href":"https:\/\/www.equestriannextdoor.com\/fr\/wp-json\/wp\/v2\/product_tag?post=4700"}],"curies":[{"name":"wp","href":"https:\/\/api.w.org\/{rel}","templated":true}]}}