{"id":4627,"date":"2020-11-26T14:56:12","date_gmt":"2020-12-09T02:54:13","guid":{"rendered":"https:\/\/equestriannextdoor.com\/product\/comfort-me-fr\/"},"modified":"2020-12-08T21:54:28","modified_gmt":"2020-12-09T02:54:28","slug":"comfort-me-fr","status":"publish","type":"product","link":"https:\/\/www.equestriannextdoor.com\/fr\/produit\/comfort-me-fr\/","title":{"rendered":"Comfort me"},"content":{"rendered":"<p><em>Comfort me contient<\/em> infusion de th\u00e9 vert avec beurre de cacao, huile de chanvre biologique, et cire d\u2019abeille, et est m\u00e9lang\u00e9 avec les puissances de la nature pour <b>une peau d\u2019air<\/b> saine. Nous avons \u00e9galement ajout\u00e9 extrait de ch\u00e8vrefeuille &amp; extrait de myrrhe, allantoin et huiles essentielles. L\u2019oxyde de zinc r\u00e9g\u00e9n\u00e8re et prot\u00e8ge la barri\u00e8re d\u2019humidit\u00e9 de la peau.<\/p>\n<p>L\u2019huile essentielle de lavande est non seulement bonne pour la peau, mais elle est \u00e9galement connue en aromath\u00e9rapie. Alors allez-y et votre cheval sentira bon! Il va l&rsquo;aimer! <strong>#aromatherapy<\/strong><\/p>\n<p>Comme tous les produits EcoLicious, le baume Comfort me est fabriqu\u00e9 avec des <strong>ingr\u00e9dients de qualit\u00e9<\/strong> humaine. Nous croyons seulement en <strong>ce qu\u2019il y<\/strong> a de mieux pour vous et votre cheval.<\/p>\n<p>Voir <a href=\"https:\/\/ecoliciousequestrian.com\/product\/comfort-me\/\" target=\"_blank\" rel=\"noopener\">EcoLicious pour plus<\/a> de d\u00e9tails<\/p>\n<p>&nbsp;<\/p>\n<p><strong>Similaires<\/strong><\/p>\n<p><a href=\"https:\/\/equestriannextdoor.com\/how-to-clean-your-horse\/\">Comment nettoyer votre cheval<\/a><\/p>\n","protected":false},"excerpt":{"rendered":"<p><span class=\"cbc_content\"><strong>Est-ce que la peau de votre cheval a besoin d\u2019un peu d&rsquo;hydratation suppl\u00e9mentaire, un peu d&rsquo;amour?<\/strong><\/span><\/p>\n<p><em>Comfort me est<\/em> formul\u00e9 avec des ingr\u00e9dients naturels de qualit\u00e9 pour garder la peau de votre cheval \u00e0 son meilleur.<\/p>\n","protected":false},"featured_media":4625,"template":"","meta":[],"product_brand":[],"product_cat":[118,119],"product_tag":[873],"class_list":{"0":"post-4627","1":"product","2":"type-product","3":"status-publish","4":"has-post-thumbnail","6":"product_cat-pansage","7":"product_cat-produits","8":"product_tag-ecolicious-fr-2","10":"first","11":"instock","12":"taxable","13":"shipping-taxable","14":"purchasable","15":"product-type-simple"},"jetpack_sharing_enabled":true,"_links":{"self":[{"href":"https:\/\/www.equestriannextdoor.com\/fr\/wp-json\/wp\/v2\/product\/4627","targetHints":{"allow":["GET"]}}],"collection":[{"href":"https:\/\/www.equestriannextdoor.com\/fr\/wp-json\/wp\/v2\/product"}],"about":[{"href":"https:\/\/www.equestriannextdoor.com\/fr\/wp-json\/wp\/v2\/types\/product"}],"wp:featuredmedia":[{"embeddable":true,"href":"https:\/\/www.equestriannextdoor.com\/fr\/wp-json\/wp\/v2\/media\/4625"}],"wp:attachment":[{"href":"https:\/\/www.equestriannextdoor.com\/fr\/wp-json\/wp\/v2\/media?parent=4627"}],"wp:term":[{"taxonomy":"product_brand","embeddable":true,"href":"https:\/\/www.equestriannextdoor.com\/fr\/wp-json\/wp\/v2\/product_brand?post=4627"},{"taxonomy":"product_cat","embeddable":true,"href":"https:\/\/www.equestriannextdoor.com\/fr\/wp-json\/wp\/v2\/product_cat?post=4627"},{"taxonomy":"product_tag","embeddable":true,"href":"https:\/\/www.equestriannextdoor.com\/fr\/wp-json\/wp\/v2\/product_tag?post=4627"}],"curies":[{"name":"wp","href":"https:\/\/api.w.org\/{rel}","templated":true}]}}