{"id":3537,"date":"2020-10-11T16:15:44","date_gmt":"2020-10-11T20:21:30","guid":{"rendered":"https:\/\/equestriannextdoor.com\/product\/snaffle-bit-socks-3-colors\/"},"modified":"2023-01-05T18:53:25","modified_gmt":"2023-01-05T23:53:25","slug":"chaussette-mors","status":"publish","type":"product","link":"https:\/\/www.equestriannextdoor.com\/fr\/produit\/chaussette-mors\/","title":{"rendered":"Chaussettes \u00e0 motif de mors"},"content":{"rendered":"<p>Taille dames 9-11. Longueur jusqu\u2019au genou.<\/p>\n<p>97% polyester, 2% spandex, 1% caoutchouc<\/p>\n<p>Pour plus d\u2019informations, consultez le <a href=\"https:\/\/www.awstintl.com\/\" target=\"_blank\" rel=\"noopener noreferrer\">site Web de l\u2019AWST<\/a>.<\/p>\n","protected":false},"excerpt":{"rendered":"<p>Ces chaussettes \u00e0 mors de filet \u00e0 hauteur de genou AWST sont disponibles en 3 couleurs diff\u00e9rentes : gris, bleu et marine. Ce sont vos chaussettes ultimes pour la randonn\u00e9e \u00e9questre dans les mois plus frais.<\/p>\n","protected":false},"featured_media":0,"template":"","meta":[],"product_brand":[],"product_cat":[130],"product_tag":[902],"class_list":{"0":"post-3537","1":"product","2":"type-product","3":"status-publish","5":"product_cat-pour-les-cavalieres","6":"product_tag-awst-fr","8":"first","9":"outofstock","10":"taxable","11":"shipping-taxable","12":"purchasable","13":"product-type-variable"},"jetpack_sharing_enabled":true,"_links":{"self":[{"href":"https:\/\/www.equestriannextdoor.com\/fr\/wp-json\/wp\/v2\/product\/3537","targetHints":{"allow":["GET"]}}],"collection":[{"href":"https:\/\/www.equestriannextdoor.com\/fr\/wp-json\/wp\/v2\/product"}],"about":[{"href":"https:\/\/www.equestriannextdoor.com\/fr\/wp-json\/wp\/v2\/types\/product"}],"wp:attachment":[{"href":"https:\/\/www.equestriannextdoor.com\/fr\/wp-json\/wp\/v2\/media?parent=3537"}],"wp:term":[{"taxonomy":"product_brand","embeddable":true,"href":"https:\/\/www.equestriannextdoor.com\/fr\/wp-json\/wp\/v2\/product_brand?post=3537"},{"taxonomy":"product_cat","embeddable":true,"href":"https:\/\/www.equestriannextdoor.com\/fr\/wp-json\/wp\/v2\/product_cat?post=3537"},{"taxonomy":"product_tag","embeddable":true,"href":"https:\/\/www.equestriannextdoor.com\/fr\/wp-json\/wp\/v2\/product_tag?post=3537"}],"curies":[{"name":"wp","href":"https:\/\/api.w.org\/{rel}","templated":true}]}}