{"id":3499,"date":"2020-10-10T21:30:48","date_gmt":"2020-10-11T01:58:36","guid":{"rendered":"https:\/\/equestriannextdoor.com\/product\/exterieur-gear-impermeabilisation-spray\/"},"modified":"2021-09-23T00:03:07","modified_gmt":"2021-09-23T04:03:07","slug":"exterieur-gear-impermeabilisation-spray","status":"publish","type":"product","link":"https:\/\/www.equestriannextdoor.com\/fr\/produit\/exterieur-gear-impermeabilisation-spray\/","title":{"rendered":"Spray d\u2019\u00e9tanch\u00e9it\u00e9 pour v\u00eatements d&rsquo;ext\u00e9rieur"},"content":{"rendered":"<p>Le spray imperm\u00e9abilisant pour \u00e9quipement d&rsquo;ext\u00e9rieur de Dry Guy, facile \u00e0 utiliser, convient au nylon, au polyester, \u00e0 la toile, au gore-tex et \u00e0 l&rsquo;eVent. Appliquer sur vos manteaux d&rsquo;automne, de printemps et d&rsquo;hiver pour emp\u00eacher l&rsquo;humidit\u00e9 d&rsquo;entrer et vous garder au chaud et au sec.<\/p>\n<p>Il est parfait pour les randonneurs &#8211; manteaux, vestes, jupes et sacs imperm\u00e9ables.<\/p>\n<p>Il ne jaunit pas et ne rigidifie pas vos beaux v\u00eatements d&rsquo;ext\u00e9rieur et il est r\u00e9sistant \u00e0 la moisissure, aux taches et \u00e0 la salet\u00e9.<\/p>\n<p>Une bouteille couvre 12 \u00e0 15 pieds carr\u00e9s.<\/p>\n<p><strong>Instructions<\/strong><\/p>\n<ol>\n<li>Bien agiter et pulv\u00e9riser d\u2019une distance de 6 \u00e0 9 pouces. Frotter l\u00e9g\u00e8rement toutes les gouttelettes qui se forment avec un chiffon doux.<\/li>\n<li>Laisser s\u00e9cher compl\u00e8tement.<\/li>\n<\/ol>\n<p><strong>Attention<\/strong><\/p>\n<p>Spray d\u2019imperm\u00e9abilisation peut irritables yeux et poumons. Appliquer dans un endroit bien a\u00e9r\u00e9.<\/p>\n<p>&nbsp;<\/p>\n<p>Vous cherchez \u00e0 i<a href=\"https:\/\/equestriannextdoor.com\/product\/blanket-pet-apparel-waterproofing-spray\/\">mperm\u00e9abiliser la couverture de votre cheval ou les v\u00eatements de votre animal de compagnie?<\/a> Regardez \u00e7a!<\/p>\n<p>&nbsp;<\/p>\n<p>Fabriqu\u00e9 au Canada.<\/p>\n<p><strong>Garder hors de la port\u00e9e des enfants.<\/strong><\/p>\n<p>Plus de d\u00e9tails \u00e0 <a href=\"https:\/\/www.dryguywaterproofing.com\/store\/\" target=\"_blank\" rel=\"noopener noreferrer\">Dry Guy Imperm\u00e9abilisation<\/a>.<\/p>\n","protected":false},"excerpt":{"rendered":"<p>Restez au sec et au chaud pendant les mois pluvieux gr\u00e2ce au spray imperm\u00e9abilisant pour \u00e9quipement d&rsquo;ext\u00e9rieur de Dry Guy et \u00e9conomisez de l&rsquo;argent en r\u00e9imperm\u00e9abilisant votre \u00e9quipement au lieu d&rsquo;en acheter de nouveaux.<\/p>\n<p>Ce spray imperm\u00e9abilisant laisse le tissu respirant et est un imperm\u00e9abilisant \u00e9cologique \u00e0 base d&rsquo;eau qui emp\u00eache l&rsquo;humidit\u00e9 d&rsquo;entrer.<\/p>\n<p>&nbsp;<\/p>\n","protected":false},"featured_media":3497,"template":"","meta":[],"product_brand":[],"product_cat":[894],"product_tag":[897],"class_list":{"0":"post-3499","1":"product","2":"type-product","3":"status-publish","4":"has-post-thumbnail","6":"product_cat-soins-de-textiles-des-equides","7":"product_tag-dry-guy-fr","9":"first","10":"instock","11":"taxable","12":"shipping-taxable","13":"purchasable","14":"product-type-simple"},"jetpack_sharing_enabled":true,"_links":{"self":[{"href":"https:\/\/www.equestriannextdoor.com\/fr\/wp-json\/wp\/v2\/product\/3499","targetHints":{"allow":["GET"]}}],"collection":[{"href":"https:\/\/www.equestriannextdoor.com\/fr\/wp-json\/wp\/v2\/product"}],"about":[{"href":"https:\/\/www.equestriannextdoor.com\/fr\/wp-json\/wp\/v2\/types\/product"}],"wp:featuredmedia":[{"embeddable":true,"href":"https:\/\/www.equestriannextdoor.com\/fr\/wp-json\/wp\/v2\/media\/3497"}],"wp:attachment":[{"href":"https:\/\/www.equestriannextdoor.com\/fr\/wp-json\/wp\/v2\/media?parent=3499"}],"wp:term":[{"taxonomy":"product_brand","embeddable":true,"href":"https:\/\/www.equestriannextdoor.com\/fr\/wp-json\/wp\/v2\/product_brand?post=3499"},{"taxonomy":"product_cat","embeddable":true,"href":"https:\/\/www.equestriannextdoor.com\/fr\/wp-json\/wp\/v2\/product_cat?post=3499"},{"taxonomy":"product_tag","embeddable":true,"href":"https:\/\/www.equestriannextdoor.com\/fr\/wp-json\/wp\/v2\/product_tag?post=3499"}],"curies":[{"name":"wp","href":"https:\/\/api.w.org\/{rel}","templated":true}]}}