{"id":3486,"date":"2020-10-10T18:35:45","date_gmt":"2020-10-10T22:44:36","guid":{"rendered":"https:\/\/equestriannextdoor.com\/product\/selle-pad-and-blanket-rince\/"},"modified":"2021-09-23T00:03:07","modified_gmt":"2021-09-23T04:03:07","slug":"selle-pad-and-blanket-rince","status":"publish","type":"product","link":"https:\/\/www.equestriannextdoor.com\/fr\/produit\/selle-pad-and-blanket-rince\/","title":{"rendered":"Agent de rin\u00e7age de tapis de selle et couverture"},"content":{"rendered":"<p>Le meilleur de tous? Ce rin\u00e7age de couverture et de tapis selle est \u00e9cologique, biod\u00e9gradable et doux sur les tissus imperm\u00e9abilis\u00e9s. Cet agent de rin\u00e7age de tapis de selle a \u00e9galement un soup\u00e7on de lavande, ainsi vos v\u00eatements de cheval sortiront sentant merveilleux. Il dispose \u00e9galement d\u2019un anti-statique et un bain de pH tamponn\u00e9.<\/p>\n<p>Tout ce dont vous avez besoin dans un rin\u00e7age pour votre lessive de cheval!<\/p>\n<p>Bon pour:<\/p>\n<ul>\n<li>Couvertures<\/li>\n<li>Tapis de selle<\/li>\n<li>Bottes de protection<\/li>\n<li>Polo<\/li>\n<li>Brosses de pansage<\/li>\n<\/ul>\n<p><strong>Instructions<\/strong><\/p>\n<ol>\n<li><em>Ne dites pas \u00e0 votre conjoint et \u00e0 vos enfants que vous faites de la lessive de cheval dans la laveuse et la s\u00e9cheuse familiales. <\/em><\/li>\n<li>Ne pas trop mettre dans votre laveuse!<\/li>\n<li>Laver \u00e0 l\u2019aide du <a href=\"https:\/\/equestriannextdoor.com\/product\/saddle-pad-and-blanket-wash\/\">d\u00e9tergent \u00e0 tapis de selle et couverture<\/a> (60 mL ou plus selon la crasse).<\/li>\n<li>Ajoutez 30 \u00e0 60 mL de rin\u00e7age au distributeur final du cycle de <strong>rin\u00e7age<\/strong> de votre laveuse.<\/li>\n<\/ol>\n<p><strong>Ingr\u00e9dients<\/strong><\/p>\n<p>Contient des agents adoucissants cationiques, un d\u00e9sinfectant non toxique et un parfum. Biod\u00e9gradable.<\/p>\n<p><strong>Garder hors de la port\u00e9e des enfants.<\/strong><\/p>\n<p>Voir <a href=\"https:\/\/absorbine.com\/products\/leather-care\/leather-therapy-saddle-pad-blanket-rinse\/\" target=\"_blank\" rel=\"noopener noreferrer\">Absorbine pour plus de d\u00e9tails<\/a>.<\/p>\n<p>&nbsp;<\/p>\n<p>Vous vous demandez quand mettre une couverture sur votre cheval? Consultez ce <a href=\"https:\/\/equestriannextdoor.com\/equestrian-3-items-to-check-before-blanketing-your-horse\/\" target=\"_blank\" rel=\"noopener noreferrer\">guide en 3 \u00e9tapes sur la couverture<\/a>.<\/p>\n","protected":false},"excerpt":{"rendered":"<p>L&rsquo;agent de rin\u00e7age pour tapis de selle et couvertures de Leather Therapy d\u00e9sinfecte, d\u00e9sodorise et soigne. Il est doux sur des tissus naturels et synth\u00e9tiques tout en r\u00e9duisant le risque de contamination crois\u00e9e par les bact\u00e9ries et les moisissures sur les couvertures.<\/p>\n","protected":false},"featured_media":3485,"template":"","meta":[],"product_brand":[],"product_cat":[894],"product_tag":[1018],"class_list":{"0":"post-3486","1":"product","2":"type-product","3":"status-publish","4":"has-post-thumbnail","6":"product_cat-soins-de-textiles-des-equides","7":"product_tag-leather-therapy-fr","9":"first","10":"instock","11":"taxable","12":"shipping-taxable","13":"purchasable","14":"product-type-simple"},"jetpack_sharing_enabled":true,"_links":{"self":[{"href":"https:\/\/www.equestriannextdoor.com\/fr\/wp-json\/wp\/v2\/product\/3486","targetHints":{"allow":["GET"]}}],"collection":[{"href":"https:\/\/www.equestriannextdoor.com\/fr\/wp-json\/wp\/v2\/product"}],"about":[{"href":"https:\/\/www.equestriannextdoor.com\/fr\/wp-json\/wp\/v2\/types\/product"}],"wp:featuredmedia":[{"embeddable":true,"href":"https:\/\/www.equestriannextdoor.com\/fr\/wp-json\/wp\/v2\/media\/3485"}],"wp:attachment":[{"href":"https:\/\/www.equestriannextdoor.com\/fr\/wp-json\/wp\/v2\/media?parent=3486"}],"wp:term":[{"taxonomy":"product_brand","embeddable":true,"href":"https:\/\/www.equestriannextdoor.com\/fr\/wp-json\/wp\/v2\/product_brand?post=3486"},{"taxonomy":"product_cat","embeddable":true,"href":"https:\/\/www.equestriannextdoor.com\/fr\/wp-json\/wp\/v2\/product_cat?post=3486"},{"taxonomy":"product_tag","embeddable":true,"href":"https:\/\/www.equestriannextdoor.com\/fr\/wp-json\/wp\/v2\/product_tag?post=3486"}],"curies":[{"name":"wp","href":"https:\/\/api.w.org\/{rel}","templated":true}]}}