{"id":2177,"date":"2020-05-26T17:01:34","date_gmt":"2020-06-11T00:38:39","guid":{"rendered":"https:\/\/equestriannextdoor.com\/product\/ecolicious-silky-conditioner\/"},"modified":"2020-08-20T21:41:14","modified_gmt":"2020-08-21T01:41:14","slug":"ecolicious-silky-conditioner","status":"publish","type":"product","link":"https:\/\/www.equestriannextdoor.com\/fr\/produit\/ecolicious-silky-conditioner\/","title":{"rendered":"Revitalisant"},"content":{"rendered":"<p><strong>MODE D&rsquo;EMPLOI<\/strong><\/p>\n<p>Appliquer sur la robe de votre cheval et faire p\u00e9n\u00e9trer dans la crini\u00e8re et la queue apr\u00e8s le shampoing avec <a href=\"https:\/\/ecoliciousequestrian.com\/product\/squeaky-green-clean-shampoo\/\">Squeaky Green &amp; Clean.<\/a> Il n&rsquo;est pas n\u00e9cessaire de laver le shampoing avant de l&rsquo;appliquer.<\/p>\n<p>Apr\u00e8s application, laissez le produit pendant plusieurs minutes ou plus si vous avez le temps. Passer la crini\u00e8re et la queue enchev\u00eatr\u00e9es au peigne fin, puis rincer.<\/p>\n<p><strong>Emball\u00e9 dans du plastique 100% recycl\u00e9.<\/strong><\/p>\n<p><strong>472 ml<\/strong><\/p>\n","protected":false},"excerpt":{"rendered":"<p>L&rsquo;huile de chanvre biologique, riche en acides gras essentiels (les BONNES GRAISSES) et en vitamine E, ainsi que la glyc\u00e9rine ultra-hydratante, nourrissent et conditionnent le pelage et aident \u00e0 d\u00e9m\u00ealer et adoucir les crini\u00e8res et les queues s\u00e8ches et emm\u00eal\u00e9es qui ont besoin d&rsquo;amour particulier.<\/p>\n<p>La poudre de soie d\u00e9riv\u00e9e d&rsquo;un cocon de ver \u00e0 soie pur aide \u00e0 restaurer la luminosit\u00e9 naturelle et donne \u00e0 la robe de votre cheval la sensation ultime de soie.<\/p>\n<p>La combinaison de l&rsquo;huile essentielle d&rsquo;arbre \u00e0 th\u00e9, connue pour favoriser une <strong>peau saine<\/strong>, et de l&rsquo;huile essentielle d&rsquo;orange douce, avec son parfum d\u00e9licieux et joyeux, permet de garder une odeur de vacances d&rsquo;\u00e9t\u00e9 et de s&rsquo;amuser au soleil \u00e0 tout moment de l&rsquo;ann\u00e9e.<br \/>\n <strong>#aromatherapy<\/strong><\/p>\n<p>Et comme tous nos produits, il est fabriqu\u00e9 avec des ingr\u00e9dients de q<strong>ualit\u00e9 pour les humains<\/strong>, car nous ne croyons qu&rsquo;au <strong>meilleur<\/strong>pour vous et votre cheval.<\/p>\n<p>Sans silicone et finition non glissante.<\/p>\n","protected":false},"featured_media":1999,"template":"","meta":[],"product_brand":[],"product_cat":[118,824],"product_tag":[873],"class_list":{"0":"post-2177","1":"product","2":"type-product","3":"status-publish","4":"has-post-thumbnail","6":"product_cat-pansage","7":"product_cat-shampoing-revitalisant","8":"product_tag-ecolicious-fr-2","10":"first","11":"instock","12":"taxable","13":"shipping-taxable","14":"purchasable","15":"product-type-simple"},"jetpack_sharing_enabled":true,"_links":{"self":[{"href":"https:\/\/www.equestriannextdoor.com\/fr\/wp-json\/wp\/v2\/product\/2177","targetHints":{"allow":["GET"]}}],"collection":[{"href":"https:\/\/www.equestriannextdoor.com\/fr\/wp-json\/wp\/v2\/product"}],"about":[{"href":"https:\/\/www.equestriannextdoor.com\/fr\/wp-json\/wp\/v2\/types\/product"}],"wp:featuredmedia":[{"embeddable":true,"href":"https:\/\/www.equestriannextdoor.com\/fr\/wp-json\/wp\/v2\/media\/1999"}],"wp:attachment":[{"href":"https:\/\/www.equestriannextdoor.com\/fr\/wp-json\/wp\/v2\/media?parent=2177"}],"wp:term":[{"taxonomy":"product_brand","embeddable":true,"href":"https:\/\/www.equestriannextdoor.com\/fr\/wp-json\/wp\/v2\/product_brand?post=2177"},{"taxonomy":"product_cat","embeddable":true,"href":"https:\/\/www.equestriannextdoor.com\/fr\/wp-json\/wp\/v2\/product_cat?post=2177"},{"taxonomy":"product_tag","embeddable":true,"href":"https:\/\/www.equestriannextdoor.com\/fr\/wp-json\/wp\/v2\/product_tag?post=2177"}],"curies":[{"name":"wp","href":"https:\/\/api.w.org\/{rel}","templated":true}]}}