{"id":2159,"date":"2020-06-09T17:11:12","date_gmt":"2020-06-09T21:14:47","guid":{"rendered":"https:\/\/equestriannextdoor.com\/product\/sierra-traction-laterale\/"},"modified":"2021-03-21T17:30:26","modified_gmt":"2021-03-21T21:30:26","slug":"sierra-traction-laterale","status":"publish","type":"product","link":"https:\/\/www.equestriannextdoor.com\/fr\/produit\/sierra-traction-laterale\/","title":{"rendered":"Double rope side pull"},"content":{"rendered":"<p>La bride \u00e0 double corde \u00e0 traction lat\u00e9rale vous permet, \u00e0 vous et \u00e0 votre cheval, de profiter de la libert\u00e9 et de la connexion de l&rsquo;\u00e9quitation sans mors.<\/p>\n<p>Pour plus de d\u00e9tails sur comment passer au sans mors, consultez la page <a href=\"https:\/\/equestriannextdoor.com\/riders-how-to-go-safely-bitless\/\" target=\"_blank\" rel=\"noopener\">Comment passer au sans mors en toute s\u00e9curit\u00e9<\/a><\/p>\n","protected":false},"excerpt":{"rendered":"<p>Passez au sans mors avec cette bride \u00e0 traction \u00e0 double corde fait de cuire brun. Il est dot\u00e9 d&rsquo;une muserolle \u00e0 double corde en nylon pour assurer une bonne communication avec votre cheval et vous offre des freins tout en \u00e9tant confortable pour votre cheval. Ayez l&rsquo;air fringant, que vous montez selle western ou anglaise.<\/p>\n<p>Cette bride sans mors est une bonne \u00e9tape interm\u00e9diaire entre un licou de corde et un hackamore. Il offre une communication instantan\u00e9e tout en permettant une lib\u00e9ration instantan\u00e9e en cas de besoin.<\/p>\n","protected":false},"featured_media":5400,"template":"","meta":[],"product_brand":[],"product_cat":[114],"product_tag":[777],"class_list":{"0":"post-2159","1":"product","2":"type-product","3":"status-publish","4":"has-post-thumbnail","6":"product_cat-sans-mors","7":"product_tag-sierra-fr","9":"first","10":"instock","11":"taxable","12":"shipping-taxable","13":"purchasable","14":"product-type-simple"},"jetpack_sharing_enabled":true,"_links":{"self":[{"href":"https:\/\/www.equestriannextdoor.com\/fr\/wp-json\/wp\/v2\/product\/2159","targetHints":{"allow":["GET"]}}],"collection":[{"href":"https:\/\/www.equestriannextdoor.com\/fr\/wp-json\/wp\/v2\/product"}],"about":[{"href":"https:\/\/www.equestriannextdoor.com\/fr\/wp-json\/wp\/v2\/types\/product"}],"wp:featuredmedia":[{"embeddable":true,"href":"https:\/\/www.equestriannextdoor.com\/fr\/wp-json\/wp\/v2\/media\/5400"}],"wp:attachment":[{"href":"https:\/\/www.equestriannextdoor.com\/fr\/wp-json\/wp\/v2\/media?parent=2159"}],"wp:term":[{"taxonomy":"product_brand","embeddable":true,"href":"https:\/\/www.equestriannextdoor.com\/fr\/wp-json\/wp\/v2\/product_brand?post=2159"},{"taxonomy":"product_cat","embeddable":true,"href":"https:\/\/www.equestriannextdoor.com\/fr\/wp-json\/wp\/v2\/product_cat?post=2159"},{"taxonomy":"product_tag","embeddable":true,"href":"https:\/\/www.equestriannextdoor.com\/fr\/wp-json\/wp\/v2\/product_tag?post=2159"}],"curies":[{"name":"wp","href":"https:\/\/api.w.org\/{rel}","templated":true}]}}