{"id":2008,"date":"2020-04-26T22:30:34","date_gmt":"2020-05-28T21:29:46","guid":{"rendered":"https:\/\/equestriannextdoor.com\/product\/compositi-etriers-qualite-couleur\/"},"modified":"2021-09-23T00:03:15","modified_gmt":"2021-09-23T04:03:15","slug":"compositi-etriers-qualite-couleur","status":"publish","type":"product","link":"https:\/\/www.equestriannextdoor.com\/fr\/produit\/compositi-etriers-qualite-couleur\/","title":{"rendered":"\u00c9triers Premium Compositi"},"content":{"rendered":"<p>Ces \u00e9triers Premium Compositi ont un plancher antid\u00e9rapant et de superbes couleurs vives.<\/p>\n<p>Le plancher antid\u00e9rapant aide \u00e0 maintenir votre pied dans l&rsquo;\u00e9trier tout en \u00e9tant moins lourd que les \u00e9triers traditionnels.<\/p>\n<p>Mettez de l&rsquo;ambiance dans votre sellerie gr\u00e2ce aux diff\u00e9rentes couleurs disponibles. Choisissez celui qui correspond \u00e0 votre sellerie&#8230; ou obtenir un nouvel ensemble! Achetez des \u00e9triers de belles couleurs en coup de t\u00eate? Nous l&rsquo;avons tous fait!<\/p>\n<p>Vous recherchez un \u00e9trier \u00e0 base plus large avec un certain amortissement ? D\u00e9couvrez le <a href=\"https:\/\/www.equestriannextdoor.com\/produit\/compositi-etriers-reflex-3d\/?lang=fr\" target=\"_blank\" rel=\"noopener\">Reflex 3D<\/a> de Compositi !<\/p>\n<h3>D\u00e9tails<\/h3>\n<ul>\n<li>Base de 4 3\/4 po de large.<\/li>\n<\/ul>\n<h3><strong>Entretien des \u00e9triers premium Compositi<\/strong><\/h3>\n<p>Nettoyez \u00e0 l&rsquo;eau et au savon doux.<\/p>\n<p>Ranger dans un endroit prot\u00e9g\u00e9 de l&rsquo;humidit\u00e9, de la chaleur, du froid et du soleil lorsque vous ne montez pas.<\/p>\n<p><em>Fabriqu\u00e9 en Belgique par <a href=\"https:\/\/www.mycompositi.com\/en\/\" target=\"_blank\" rel=\"noopener\">Compositi<\/a>.<\/em><\/p>\n","protected":false},"excerpt":{"rendered":"<p>Commencez la saison des concours du bon pied ! Il est temps de d\u00e9voiler la cavali\u00e8re qui est en vous avec les meilleurs \u00e9triers qui soient. Quel que soit l&rsquo;endroit o\u00f9 vous vous trouvez, votre randonn\u00e9e sera des plus \u00e9l\u00e9gantes avec ces \u00e9triers qui sont superbes sur n&rsquo;importe quelle couleur de bottes ou de tapis de selle.<\/p>\n","protected":false},"featured_media":3051,"template":"","meta":[],"product_brand":[],"product_cat":[171],"product_tag":[922],"class_list":{"0":"post-2008","1":"product","2":"type-product","3":"status-publish","4":"has-post-thumbnail","6":"product_cat-etriers","7":"product_tag-compositi-fr","9":"first","10":"outofstock","11":"taxable","12":"shipping-taxable","13":"purchasable","14":"product-type-variable"},"jetpack_sharing_enabled":true,"_links":{"self":[{"href":"https:\/\/www.equestriannextdoor.com\/fr\/wp-json\/wp\/v2\/product\/2008","targetHints":{"allow":["GET"]}}],"collection":[{"href":"https:\/\/www.equestriannextdoor.com\/fr\/wp-json\/wp\/v2\/product"}],"about":[{"href":"https:\/\/www.equestriannextdoor.com\/fr\/wp-json\/wp\/v2\/types\/product"}],"wp:featuredmedia":[{"embeddable":true,"href":"https:\/\/www.equestriannextdoor.com\/fr\/wp-json\/wp\/v2\/media\/3051"}],"wp:attachment":[{"href":"https:\/\/www.equestriannextdoor.com\/fr\/wp-json\/wp\/v2\/media?parent=2008"}],"wp:term":[{"taxonomy":"product_brand","embeddable":true,"href":"https:\/\/www.equestriannextdoor.com\/fr\/wp-json\/wp\/v2\/product_brand?post=2008"},{"taxonomy":"product_cat","embeddable":true,"href":"https:\/\/www.equestriannextdoor.com\/fr\/wp-json\/wp\/v2\/product_cat?post=2008"},{"taxonomy":"product_tag","embeddable":true,"href":"https:\/\/www.equestriannextdoor.com\/fr\/wp-json\/wp\/v2\/product_tag?post=2008"}],"curies":[{"name":"wp","href":"https:\/\/api.w.org\/{rel}","templated":true}]}}